{"id":554,"date":"2021-04-28T16:01:14","date_gmt":"2021-04-28T16:01:14","guid":{"rendered":"http:\/\/www.helsetech.it\/wp\/?page_id=554"},"modified":"2024-12-17T00:16:29","modified_gmt":"2024-12-16T22:16:29","slug":"professionisti-3","status":"publish","type":"page","link":"https:\/\/www.helsetech.it\/wp\/professionisti-3\/","title":{"rendered":"PROFESSIONISTI"},"content":{"rendered":"<p><img decoding=\"async\" width=\"800\" height=\"127\" src=\"https:\/\/www.helsetech.it\/wp\/wp-content\/uploads\/2020\/05\/HELSEPRO-1024x162.png\" alt=\"icona professionisti\" loading=\"lazy\" srcset=\"https:\/\/www.helsetech.it\/wp\/wp-content\/uploads\/2020\/05\/HELSEPRO-1024x162.png 1024w, https:\/\/www.helsetech.it\/wp\/wp-content\/uploads\/2020\/05\/HELSEPRO-300x48.png 300w, https:\/\/www.helsetech.it\/wp\/wp-content\/uploads\/2020\/05\/HELSEPRO-768x122.png 768w, https:\/\/www.helsetech.it\/wp\/wp-content\/uploads\/2020\/05\/HELSEPRO-1536x244.png 1536w, https:\/\/www.helsetech.it\/wp\/wp-content\/uploads\/2020\/05\/HELSEPRO.png 1930w\" sizes=\"(max-width: 800px) 100vw, 800px\"><\/p>\n<p><b>Fai un passo nel futuro, entra nell&#8217;ecosistema di prodotti Helsetech.<\/b><\/p>\n<p>Il software online avanzato per fornirti tutto ci\u00f2 di cui hai bisogno per svolgere il tuo lavoro e supportare i tuoi pazienti al meglio.<\/p>\n<p><a href=\"https:\/\/www.helsetech.it\/helsetech\/log\/login.php\" role=\"button\"><br \/>\nACCEDI GRATIS AL SOFTWARE<br \/>\n<\/a><br \/>\n<img decoding=\"async\" width=\"800\" height=\"544\" src=\"https:\/\/www.helsetech.it\/wp\/wp-content\/uploads\/2021\/04\/professionisti-2-1-1024x696.png\" alt=\"\" loading=\"lazy\" srcset=\"https:\/\/www.helsetech.it\/wp\/wp-content\/uploads\/2021\/04\/professionisti-2-1-1024x696.png 1024w, https:\/\/www.helsetech.it\/wp\/wp-content\/uploads\/2021\/04\/professionisti-2-1-300x204.png 300w, https:\/\/www.helsetech.it\/wp\/wp-content\/uploads\/2021\/04\/professionisti-2-1-768x522.png 768w, https:\/\/www.helsetech.it\/wp\/wp-content\/uploads\/2021\/04\/professionisti-2-1.png 1275w\" sizes=\"(max-width: 800px) 100vw, 800px\"><br \/>\n<img decoding=\"async\" width=\"800\" height=\"127\" src=\"https:\/\/www.helsetech.it\/wp\/wp-content\/uploads\/2020\/05\/HELSEPRO-1024x162.png\" alt=\"icona professionisti\" loading=\"lazy\" srcset=\"https:\/\/www.helsetech.it\/wp\/wp-content\/uploads\/2020\/05\/HELSEPRO-1024x162.png 1024w, https:\/\/www.helsetech.it\/wp\/wp-content\/uploads\/2020\/05\/HELSEPRO-300x48.png 300w, https:\/\/www.helsetech.it\/wp\/wp-content\/uploads\/2020\/05\/HELSEPRO-768x122.png 768w, https:\/\/www.helsetech.it\/wp\/wp-content\/uploads\/2020\/05\/HELSEPRO-1536x244.png 1536w, https:\/\/www.helsetech.it\/wp\/wp-content\/uploads\/2020\/05\/HELSEPRO.png 1930w\" sizes=\"(max-width: 800px) 100vw, 800px\"><\/p>\n<p><b>Fai un passo nel futuro, entra nell&#8217;ecosistema di prodotti Helsetech.<\/b><\/p>\n<p>Il software online avanzato per fornirti tutto ci\u00f2 di cui hai bisogno per svolgere il tuo lavoro e supportare i tuoi pazienti al meglio.<\/p>\n<p><a href=\"https:\/\/www.helsetech.it\/helsetech\/log\/login.php\" role=\"button\"><br \/>\nACCEDI GRATIS AL SOFTWARE<br \/>\n<\/a><br \/>\n<img decoding=\"async\" width=\"318\" height=\"216\" src=\"https:\/\/www.helsetech.it\/wp\/wp-content\/uploads\/2021\/04\/icona-pro-1.-veloce-2.png\" alt=\"\" loading=\"lazy\" srcset=\"https:\/\/www.helsetech.it\/wp\/wp-content\/uploads\/2021\/04\/icona-pro-1.-veloce-2.png 318w, https:\/\/www.helsetech.it\/wp\/wp-content\/uploads\/2021\/04\/icona-pro-1.-veloce-2-300x204.png 300w\" sizes=\"(max-width: 318px) 100vw, 318px\"><\/p>\n<h2>Veloce<\/h2>\n<p>Ottimizzato per supportarti nei calcoli e nelle fasi pi\u00f9 ripetitive del tuo lavoro, con il software HELSEPRO potrai dedicarti completamente al rapporto con i tuoi pazienti.<\/p>\n<p><img decoding=\"async\" width=\"318\" height=\"216\" src=\"https:\/\/www.helsetech.it\/wp\/wp-content\/uploads\/2021\/04\/icona-pro-2.-flessibile-2.png\" alt=\"\" loading=\"lazy\" srcset=\"https:\/\/www.helsetech.it\/wp\/wp-content\/uploads\/2021\/04\/icona-pro-2.-flessibile-2.png 318w, https:\/\/www.helsetech.it\/wp\/wp-content\/uploads\/2021\/04\/icona-pro-2.-flessibile-2-300x204.png 300w\" sizes=\"(max-width: 318px) 100vw, 318px\"><\/p>\n<h2>Flessibile<\/h2>\n<p>Intuitivo e completamente personalizzabile come un foglio di calcolo, perch\u00e9 \u00e9 il software a doversi adattare al tuo metodo di lavoro e non il contrario.<\/p>\n<p><img decoding=\"async\" width=\"318\" height=\"216\" src=\"https:\/\/www.helsetech.it\/wp\/wp-content\/uploads\/2021\/04\/icona-pro-3.-completo-2.png\" alt=\"\" loading=\"lazy\" srcset=\"https:\/\/www.helsetech.it\/wp\/wp-content\/uploads\/2021\/04\/icona-pro-3.-completo-2.png 318w, https:\/\/www.helsetech.it\/wp\/wp-content\/uploads\/2021\/04\/icona-pro-3.-completo-2-300x204.png 300w\" sizes=\"(max-width: 318px) 100vw, 318px\"><\/p>\n<h2>Completo<\/h2>\n<p>Non hai bisogno di mille programmi obsoleti, con HELSEPRO hai tutti gli strumenti di cui necessiti in un unico ambiente, sempre aggiornato su tutti i sistemi operativi.<\/p>\n<p><img decoding=\"async\" width=\"18\" height=\"339\" src=\"https:\/\/www.helsetech.it\/wp\/wp-content\/uploads\/2021\/04\/pallini-pieni-pro.png\" alt=\"pallini\" loading=\"lazy\" srcset=\"https:\/\/www.helsetech.it\/wp\/wp-content\/uploads\/2021\/04\/pallini-pieni-pro.png 18w, https:\/\/www.helsetech.it\/wp\/wp-content\/uploads\/2021\/04\/pallini-pieni-pro-16x300.png 16w\" sizes=\"(max-width: 18px) 100vw, 18px\"><\/p>\n<h1>ALL IN ONE<\/h1>\n<p><b>Con HELSETECH hai tutti gli strumenti di cui hai bisogno, in un unico ambiente multipiattaforma:<\/b><\/p>\n<h5>\n\t\t\t\t\t\tGestisci pazienti e visite<\/h5>\n<h5>\n\t\t\t\t\t\tCrea piani alimentari<\/h5>\n<h5>\n\t\t\t\t\t\tAgenda integrata con Google<\/h5>\n<h5>\n\t\t\t\t\t\tSistema di fatturazione<\/h5>\n<p><img decoding=\"async\" width=\"800\" height=\"476\" src=\"https:\/\/www.helsetech.it\/wp\/wp-content\/uploads\/2021\/04\/PC-correttohome-1024x609.png\" alt=\"home professionista\" loading=\"lazy\" srcset=\"https:\/\/www.helsetech.it\/wp\/wp-content\/uploads\/2021\/04\/PC-correttohome-1024x609.png 1024w, https:\/\/www.helsetech.it\/wp\/wp-content\/uploads\/2021\/04\/PC-correttohome-300x178.png 300w, https:\/\/www.helsetech.it\/wp\/wp-content\/uploads\/2021\/04\/PC-correttohome-768x456.png 768w, https:\/\/www.helsetech.it\/wp\/wp-content\/uploads\/2021\/04\/PC-correttohome-1536x913.png 1536w, https:\/\/www.helsetech.it\/wp\/wp-content\/uploads\/2021\/04\/PC-correttohome-2048x1217.png 2048w\" sizes=\"(max-width: 800px) 100vw, 800px\"><br \/>\n<img decoding=\"async\" width=\"800\" height=\"476\" src=\"https:\/\/www.helsetech.it\/wp\/wp-content\/uploads\/2021\/04\/PC-1-1024x609.png\" alt=\"generali cliente\" loading=\"lazy\" srcset=\"https:\/\/www.helsetech.it\/wp\/wp-content\/uploads\/2021\/04\/PC-1-1024x609.png 1024w, https:\/\/www.helsetech.it\/wp\/wp-content\/uploads\/2021\/04\/PC-1-300x178.png 300w, https:\/\/www.helsetech.it\/wp\/wp-content\/uploads\/2021\/04\/PC-1-768x456.png 768w, https:\/\/www.helsetech.it\/wp\/wp-content\/uploads\/2021\/04\/PC-1-1536x913.png 1536w, https:\/\/www.helsetech.it\/wp\/wp-content\/uploads\/2021\/04\/PC-1-2048x1217.png 2048w\" sizes=\"(max-width: 800px) 100vw, 800px\"><\/p>\n<h1>GESTIONE PAZIENTI<\/h1>\n<p><b>Schede paziente complete di anamnesi, allergie, referti medici, storico progressi e strategie.<\/b><\/p>\n<p>Crea una cartella per ogni paziente e gestisci in modo efficiente piani alimentari e visite.<\/p>\n<p>Inoltre, invitandoli a scaricare l&#8217;app MYHELSE, avrai a disposizione un canale diretto per ricevere dati giornalieri, rendere disponibili diete e comunicare!<\/p>\n<p><img decoding=\"async\" width=\"21\" height=\"341\" src=\"https:\/\/www.helsetech.it\/wp\/wp-content\/uploads\/2021\/04\/pallini-vuoti-pro.png\" alt=\"pallini\" loading=\"lazy\"><br \/>\n<img decoding=\"async\" width=\"18\" height=\"339\" src=\"https:\/\/www.helsetech.it\/wp\/wp-content\/uploads\/2021\/04\/pallini-pieni-pro.png\" alt=\"pallini\" loading=\"lazy\" srcset=\"https:\/\/www.helsetech.it\/wp\/wp-content\/uploads\/2021\/04\/pallini-pieni-pro.png 18w, https:\/\/www.helsetech.it\/wp\/wp-content\/uploads\/2021\/04\/pallini-pieni-pro-16x300.png 16w\" sizes=\"(max-width: 18px) 100vw, 18px\"><\/p>\n<h1>CHECK PERIODICI<\/h1>\n<p><b>Lo strumento personalizzabile che ti assiste durante le visite periodiche di controllo.<\/b><\/p>\n<p>Effettua controlli e analisi antropometriche pi\u00f9 efficaci: non solo avrai un&#8217;integrazione diretta con i principali dispositivi medici, ma anche grafici storici e dati statistici sempre aggiornati.<\/p>\n<p>In aggiunta, potrai consegnare un report al tuo paziente ed emettere la fatturazione.<\/p>\n<p><img decoding=\"async\" width=\"800\" height=\"476\" src=\"https:\/\/www.helsetech.it\/wp\/wp-content\/uploads\/2021\/04\/PC-correttogenerali-1024x609.png\" alt=\"check cliente\" loading=\"lazy\" srcset=\"https:\/\/www.helsetech.it\/wp\/wp-content\/uploads\/2021\/04\/PC-correttogenerali-1024x609.png 1024w, https:\/\/www.helsetech.it\/wp\/wp-content\/uploads\/2021\/04\/PC-correttogenerali-300x178.png 300w, https:\/\/www.helsetech.it\/wp\/wp-content\/uploads\/2021\/04\/PC-correttogenerali-768x456.png 768w, https:\/\/www.helsetech.it\/wp\/wp-content\/uploads\/2021\/04\/PC-correttogenerali-1536x913.png 1536w, https:\/\/www.helsetech.it\/wp\/wp-content\/uploads\/2021\/04\/PC-correttogenerali-2048x1217.png 2048w\" sizes=\"(max-width: 800px) 100vw, 800px\"><br \/>\n<img decoding=\"async\" width=\"800\" height=\"476\" src=\"https:\/\/www.helsetech.it\/wp\/wp-content\/uploads\/2021\/04\/PC-3-1024x609.png\" alt=\"piano alimentare\" loading=\"lazy\" srcset=\"https:\/\/www.helsetech.it\/wp\/wp-content\/uploads\/2021\/04\/PC-3-1024x609.png 1024w, https:\/\/www.helsetech.it\/wp\/wp-content\/uploads\/2021\/04\/PC-3-300x178.png 300w, https:\/\/www.helsetech.it\/wp\/wp-content\/uploads\/2021\/04\/PC-3-768x456.png 768w, https:\/\/www.helsetech.it\/wp\/wp-content\/uploads\/2021\/04\/PC-3-1536x913.png 1536w, https:\/\/www.helsetech.it\/wp\/wp-content\/uploads\/2021\/04\/PC-3-2048x1217.png 2048w\" sizes=\"(max-width: 800px) 100vw, 800px\"><\/p>\n<h1>EDITOR DIETE<\/h1>\n<p><b>Un ambiente semplice e completo, integrato con database certificati.<\/b><\/p>\n<p>Elabora le tue diete in modo intuitivo: inserisci ricette, alimenti personali e,&nbsp;grazie alle 40 metriche bromatologiche provenienti da database certificati, imposta obiettivi-guida settimanali o giornalieri.<\/p>\n<p>In pi\u00f9, l&#8217;assistente basato su intelligenza artificiale ti aiuter\u00e0 a velocizzare le fasi pi\u00f9 ripetitive del tuo lavoro!<\/p>\n<p><img decoding=\"async\" width=\"21\" height=\"341\" src=\"https:\/\/www.helsetech.it\/wp\/wp-content\/uploads\/2021\/04\/pallini-vuoti-pro.png\" alt=\"pallini\" loading=\"lazy\"><br \/>\n<img decoding=\"async\" width=\"700\" height=\"548\" src=\"https:\/\/www.helsetech.it\/wp\/wp-content\/uploads\/2021\/04\/Risorsa-1-1.png\" alt=\"cervello\" loading=\"lazy\" srcset=\"https:\/\/www.helsetech.it\/wp\/wp-content\/uploads\/2021\/04\/Risorsa-1-1.png 700w, https:\/\/www.helsetech.it\/wp\/wp-content\/uploads\/2021\/04\/Risorsa-1-1-300x235.png 300w\" sizes=\"(max-width: 700px) 100vw, 700px\"><\/p>\n<h2>Intelligenza artificiale di supporto<\/h2>\n<p>I software HELSETECH sfruttano le potenzialit\u00e0 e la velocit\u00e0 di calcolo dei computer, in modo da coadiuvare il lavoro del professionista e ottimizzarne tutte le operazioni.<\/p>\n<p><img decoding=\"async\" width=\"710\" height=\"564\" src=\"https:\/\/www.helsetech.it\/wp\/wp-content\/uploads\/2021\/04\/Risorsa-2.png\" alt=\"privacy\" loading=\"lazy\" srcset=\"https:\/\/www.helsetech.it\/wp\/wp-content\/uploads\/2021\/04\/Risorsa-2.png 710w, https:\/\/www.helsetech.it\/wp\/wp-content\/uploads\/2021\/04\/Risorsa-2-300x238.png 300w\" sizes=\"(max-width: 710px) 100vw, 710px\"><\/p>\n<h2>Conformit\u00e1 alle disposizioni GDPR<\/h2>\n<p>Ogni software online deve garantire privacy e sicurezza dei dati personali e sensibili di professionisti e pazienti. Per questo motivo HELSETECH pone massima attenzione alla sicurezza informatica e agli aspetti legali.<\/p>\n","protected":false},"excerpt":{"rendered":"<p>Fai un passo nel futuro, entra nell&#8217;ecosistema di prodotti Helsetech. Il software online avanzato per fornirti tutto ci\u00f2 di cui hai bisogno per svolgere il tuo lavoro e supportare i tuoi pazienti al meglio. ACCEDI GRATIS AL SOFTWARE Fai un passo nel futuro, entra nell&#8217;ecosistema di prodotti Helsetech. Il software online avanzato per fornirti tutto [&hellip;]<\/p>\n","protected":false},"author":1,"featured_media":0,"parent":0,"menu_order":0,"comment_status":"closed","ping_status":"closed","template":"elementor_canvas","meta":[],"_links":{"self":[{"href":"https:\/\/www.helsetech.it\/wp\/wp-json\/wp\/v2\/pages\/554"}],"collection":[{"href":"https:\/\/www.helsetech.it\/wp\/wp-json\/wp\/v2\/pages"}],"about":[{"href":"https:\/\/www.helsetech.it\/wp\/wp-json\/wp\/v2\/types\/page"}],"author":[{"embeddable":true,"href":"https:\/\/www.helsetech.it\/wp\/wp-json\/wp\/v2\/users\/1"}],"replies":[{"embeddable":true,"href":"https:\/\/www.helsetech.it\/wp\/wp-json\/wp\/v2\/comments?post=554"}],"version-history":[{"count":77,"href":"https:\/\/www.helsetech.it\/wp\/wp-json\/wp\/v2\/pages\/554\/revisions"}],"predecessor-version":[{"id":863,"href":"https:\/\/www.helsetech.it\/wp\/wp-json\/wp\/v2\/pages\/554\/revisions\/863"}],"wp:attachment":[{"href":"https:\/\/www.helsetech.it\/wp\/wp-json\/wp\/v2\/media?parent=554"}],"curies":[{"name":"wp","href":"https:\/\/api.w.org\/{rel}","templated":true}]}}